{"id":298,"date":"2025-02-25T22:39:49","date_gmt":"2025-02-25T19:39:49","guid":{"rendered":"https:\/\/gifajans.info\/bumerang\/?page_id=298"},"modified":"2025-10-08T13:03:41","modified_gmt":"2025-10-08T10:03:41","slug":"kariyer","status":"publish","type":"page","link":"https:\/\/bumeranglojistik.com\/?page_id=298","title":{"rendered":"\u0130K Politikam\u0131z"},"content":{"rendered":"\t\t<div data-elementor-type=\"wp-page\" data-elementor-id=\"298\" class=\"elementor elementor-298\" data-elementor-post-type=\"page\">\n\t\t\t\t\t\t<section class=\"elementor-section elementor-top-section elementor-element elementor-element-8de2348 elementor-section-boxed elementor-section-height-default elementor-section-height-default\" data-id=\"8de2348\" data-element_type=\"section\" data-e-type=\"section\" data-settings=\"{&quot;background_background&quot;:&quot;classic&quot;,&quot;background_motion_fx_motion_fx_scrolling&quot;:&quot;yes&quot;,&quot;background_motion_fx_devices&quot;:[&quot;desktop&quot;,&quot;tablet&quot;,&quot;mobile&quot;]}\">\n\t\t\t\t\t\t\t<div class=\"elementor-background-overlay\"><\/div>\n\t\t\t\t\t\t\t<div class=\"elementor-container elementor-column-gap-no\">\n\t\t\t\t\t<div class=\"elementor-column elementor-col-100 elementor-top-column elementor-element elementor-element-d51fc4e\" data-id=\"d51fc4e\" data-element_type=\"column\" data-e-type=\"column\">\n\t\t\t<div class=\"elementor-widget-wrap elementor-element-populated\">\n\t\t\t\t\t\t<div class=\"elementor-element elementor-element-61ac927 elementor-icon-list--layout-inline elementor-align-center elementor-list-item-link-full_width elementor-widget elementor-widget-icon-list\" data-id=\"61ac927\" data-element_type=\"widget\" data-e-type=\"widget\" data-widget_type=\"icon-list.default\">\n\t\t\t\t<div class=\"elementor-widget-container\">\n\t\t\t\t\t\t\t<ul class=\"elementor-icon-list-items elementor-inline-items\">\n\t\t\t\t\t\t\t<li class=\"elementor-icon-list-item elementor-inline-item\">\n\t\t\t\t\t\t\t\t\t\t\t<a href=\"https:\/\/bumeranglojistik.com\">\n\n\t\t\t\t\t\t\t\t\t\t\t<span class=\"elementor-icon-list-text\">Anasayfa<\/span>\n\t\t\t\t\t\t\t\t\t\t\t<\/a>\n\t\t\t\t\t\t\t\t\t<\/li>\n\t\t\t\t\t\t\t\t<li class=\"elementor-icon-list-item elementor-inline-item\">\n\t\t\t\t\t\t\t\t\t\t\t<span class=\"elementor-icon-list-icon\">\n\t\t\t\t\t\t\t<svg aria-hidden=\"true\" class=\"e-font-icon-svg e-fas-angle-right\" viewBox=\"0 0 256 512\" xmlns=\"http:\/\/www.w3.org\/2000\/svg\"><path d=\"M224.3 273l-136 136c-9.4 9.4-24.6 9.4-33.9 0l-22.6-22.6c-9.4-9.4-9.4-24.6 0-33.9l96.4-96.4-96.4-96.4c-9.4-9.4-9.4-24.6 0-33.9L54.3 103c9.4-9.4 24.6-9.4 33.9 0l136 136c9.5 9.4 9.5 24.6.1 34z\"><\/path><\/svg>\t\t\t\t\t\t<\/span>\n\t\t\t\t\t\t\t\t\t\t<span class=\"elementor-icon-list-text\"><\/span>\n\t\t\t\t\t\t\t\t\t<\/li>\n\t\t\t\t\t\t<\/ul>\n\t\t\t\t\t\t<\/div>\n\t\t\t\t<\/div>\n\t\t\t\t<div class=\"elementor-element elementor-element-06224f6 elementor-widget elementor-widget-heading\" data-id=\"06224f6\" data-element_type=\"widget\" data-e-type=\"widget\" data-widget_type=\"heading.default\">\n\t\t\t\t<div class=\"elementor-widget-container\">\n\t\t\t\t\t<h1 class=\"elementor-heading-title elementor-size-default\">\u0130K Politikam\u0131z<\/h1>\t\t\t\t<\/div>\n\t\t\t\t<\/div>\n\t\t\t\t\t<\/div>\n\t\t<\/div>\n\t\t\t\t\t<\/div>\n\t\t<\/section>\n\t\t<div class=\"elementor-element elementor-element-d8a718f e-flex e-con-boxed e-con e-parent\" data-id=\"d8a718f\" data-element_type=\"container\" data-e-type=\"container\">\n\t\t\t\t\t<div class=\"e-con-inner\">\n\t\t\t\t<div class=\"elementor-element elementor-element-1b3414e elementor-widget elementor-widget-text-editor\" data-id=\"1b3414e\" data-element_type=\"widget\" data-e-type=\"widget\" data-widget_type=\"text-editor.default\">\n\t\t\t\t<div class=\"elementor-widget-container\">\n\t\t\t\t\t\t\t\t\t<p>Bumerang Lojistik olarak, \u00e7al\u0131\u015fanlar\u0131m\u0131z\u0131 en de\u011ferli varl\u0131klar\u0131m\u0131z olarak g\u00f6r\u00fcyoruz. S\u00fcrd\u00fcr\u00fclebilir bir i\u015f ortam\u0131 olu\u015fturmak i\u00e7in \u00e7al\u0131\u015fanlar\u0131m\u0131z\u0131n geli\u015fimini destekleyen, e\u015fit f\u0131rsatlar sunan ve y\u00fcksek motivasyonu te\u015fvik eden bir \u0130K politikas\u0131 benimsiyoruz.<br \/>\u0130K Politikam\u0131z\u0131n Temel \u0130lkeleri:<\/p><p>\u00a0<\/p><p>\u2022 E\u015fitlik ve F\u0131rsat E\u015fitli\u011fi: \u00c7al\u0131\u015fanlar\u0131m\u0131z aras\u0131nda cinsiyet, ya\u015f, etnik k\u00f6ken veya di\u011fer herhangi bir fakt\u00f6re dayal\u0131 ayr\u0131mc\u0131l\u0131k yapmadan e\u015fit f\u0131rsatlar sunar\u0131z.<br \/>\u2022 S\u00fcrekli E\u011fitim ve Geli\u015fim: \u00c7al\u0131\u015fanlar\u0131m\u0131z\u0131n mesleki ve ki\u015fisel geli\u015fimlerine yat\u0131r\u0131m yaparak e\u011fitim programlar\u0131 ve kariyer geli\u015fim f\u0131rsatlar\u0131 sunar\u0131z.<br \/>\u2022 A\u00e7\u0131k \u0130leti\u015fim ve \u015eeffafl\u0131k: \u015eirket i\u00e7i ileti\u015fimi g\u00fc\u00e7lendiren, \u00e7al\u0131\u015fanlar\u0131n geri bildirimlerini dikkate alan ve \u015feffaf y\u00f6netim anlay\u0131\u015f\u0131yla hareket ederiz.<br \/>\u2022 \u0130\u015f Sa\u011fl\u0131\u011f\u0131 ve G\u00fcvenli\u011fi: \u00c7al\u0131\u015fanlar\u0131m\u0131z\u0131n g\u00fcvenli bir ortamda \u00e7al\u0131\u015fmas\u0131n\u0131 sa\u011flamak i\u00e7in en y\u00fcksek i\u015f sa\u011fl\u0131\u011f\u0131 ve g\u00fcvenli\u011fi standartlar\u0131n\u0131 uygular\u0131z. Bu kapsamda ISO 45001 \u0130\u015f Sa\u011fl\u0131\u011f\u0131 ve G\u00fcvenli\u011fi Y\u00f6netim Sistemi belgesine sahibiz ve t\u00fcm s\u00fcre\u00e7lerimizi bu standarda uygun olarak y\u00fcr\u00fct\u00fcr\u00fcz.<br \/>\u2022 Tak\u0131m Ruhu ve \u0130\u015f birli\u011fi: Ekip ruhunu te\u015fvik eden, dayan\u0131\u015fma ve i\u015f birli\u011fini destekleyen bir \u00e7al\u0131\u015fma ortam\u0131 olu\u015ftururuz.<br \/>\u2022 Performans Y\u00f6netimi: \u00c7al\u0131\u015fanlar\u0131m\u0131z\u0131n ba\u015far\u0131lar\u0131n\u0131 takdir eder, \u00f6d\u00fcllendirir ve kariyerlerini en iyi \u015fekilde y\u00f6netmelerine yard\u0131mc\u0131 oluruz.<\/p>\t\t\t\t\t\t\t\t<\/div>\n\t\t\t\t<\/div>\n\t\t\t\t\t<\/div>\n\t\t\t\t<\/div>\n\t\t\t\t<\/div>\n\t\t","protected":false},"excerpt":{"rendered":"<p>Anasayfa \u0130K Politikam\u0131z Bumerang Lojistik olarak, \u00e7al\u0131\u015fanlar\u0131m\u0131z\u0131 en de\u011ferli varl\u0131klar\u0131m\u0131z olarak g\u00f6r\u00fcyoruz. S\u00fcrd\u00fcr\u00fclebilir bir i\u015f ortam\u0131 olu\u015fturmak i\u00e7in \u00e7al\u0131\u015fanlar\u0131m\u0131z\u0131n geli\u015fimini destekleyen, e\u015fit f\u0131rsatlar sunan ve y\u00fcksek motivasyonu te\u015fvik eden bir \u0130K politikas\u0131 benimsiyoruz.\u0130K Politikam\u0131z\u0131n Temel \u0130lkeleri: \u00a0 \u2022 E\u015fitlik ve F\u0131rsat E\u015fitli\u011fi: \u00c7al\u0131\u015fanlar\u0131m\u0131z aras\u0131nda cinsiyet, ya\u015f, etnik k\u00f6ken veya di\u011fer herhangi bir fakt\u00f6re dayal\u0131 ayr\u0131mc\u0131l\u0131k [&hellip;]<\/p>\n","protected":false},"author":1,"featured_media":0,"parent":0,"menu_order":0,"comment_status":"closed","ping_status":"closed","template":"elementor_header_footer","meta":{"footnotes":""},"class_list":["post-298","page","type-page","status-publish","hentry"],"_links":{"self":[{"href":"https:\/\/bumeranglojistik.com\/index.php?rest_route=\/wp\/v2\/pages\/298","targetHints":{"allow":["GET"]}}],"collection":[{"href":"https:\/\/bumeranglojistik.com\/index.php?rest_route=\/wp\/v2\/pages"}],"about":[{"href":"https:\/\/bumeranglojistik.com\/index.php?rest_route=\/wp\/v2\/types\/page"}],"author":[{"embeddable":true,"href":"https:\/\/bumeranglojistik.com\/index.php?rest_route=\/wp\/v2\/users\/1"}],"replies":[{"embeddable":true,"href":"https:\/\/bumeranglojistik.com\/index.php?rest_route=%2Fwp%2Fv2%2Fcomments&post=298"}],"version-history":[{"count":41,"href":"https:\/\/bumeranglojistik.com\/index.php?rest_route=\/wp\/v2\/pages\/298\/revisions"}],"predecessor-version":[{"id":659,"href":"https:\/\/bumeranglojistik.com\/index.php?rest_route=\/wp\/v2\/pages\/298\/revisions\/659"}],"wp:attachment":[{"href":"https:\/\/bumeranglojistik.com\/index.php?rest_route=%2Fwp%2Fv2%2Fmedia&parent=298"}],"curies":[{"name":"wp","href":"https:\/\/api.w.org\/{rel}","templated":true}]}}