{"id":423,"date":"2025-06-11T14:01:43","date_gmt":"2025-06-11T11:01:43","guid":{"rendered":"https:\/\/gifajans.info\/bumerang\/?page_id=423"},"modified":"2025-10-08T13:16:12","modified_gmt":"2025-10-08T10:16:12","slug":"musteri-memnuniyeti-politikamiz","status":"publish","type":"page","link":"https:\/\/bumeranglojistik.com\/?page_id=423","title":{"rendered":"M\u00fc\u015fteri Memnuniyeti Politikam\u0131z"},"content":{"rendered":"\t\t<div data-elementor-type=\"wp-page\" data-elementor-id=\"423\" class=\"elementor elementor-423\" data-elementor-post-type=\"page\">\n\t\t\t\t\t\t<section class=\"elementor-section elementor-top-section elementor-element elementor-element-8de2348 elementor-section-boxed elementor-section-height-default elementor-section-height-default\" data-id=\"8de2348\" data-element_type=\"section\" data-e-type=\"section\" data-settings=\"{&quot;background_background&quot;:&quot;classic&quot;,&quot;background_motion_fx_motion_fx_scrolling&quot;:&quot;yes&quot;,&quot;background_motion_fx_devices&quot;:[&quot;desktop&quot;,&quot;tablet&quot;,&quot;mobile&quot;]}\">\n\t\t\t\t\t\t\t<div class=\"elementor-background-overlay\"><\/div>\n\t\t\t\t\t\t\t<div class=\"elementor-container elementor-column-gap-no\">\n\t\t\t\t\t<div class=\"elementor-column elementor-col-100 elementor-top-column elementor-element elementor-element-d51fc4e\" data-id=\"d51fc4e\" data-element_type=\"column\" data-e-type=\"column\">\n\t\t\t<div class=\"elementor-widget-wrap elementor-element-populated\">\n\t\t\t\t\t\t<div class=\"elementor-element elementor-element-61ac927 elementor-icon-list--layout-inline elementor-align-center elementor-list-item-link-full_width elementor-widget elementor-widget-icon-list\" data-id=\"61ac927\" data-element_type=\"widget\" data-e-type=\"widget\" data-widget_type=\"icon-list.default\">\n\t\t\t\t<div class=\"elementor-widget-container\">\n\t\t\t\t\t\t\t<ul class=\"elementor-icon-list-items elementor-inline-items\">\n\t\t\t\t\t\t\t<li class=\"elementor-icon-list-item elementor-inline-item\">\n\t\t\t\t\t\t\t\t\t\t\t<a href=\"https:\/\/bumeranglojistik.com\">\n\n\t\t\t\t\t\t\t\t\t\t\t<span class=\"elementor-icon-list-text\">Anasayfa<\/span>\n\t\t\t\t\t\t\t\t\t\t\t<\/a>\n\t\t\t\t\t\t\t\t\t<\/li>\n\t\t\t\t\t\t\t\t<li class=\"elementor-icon-list-item elementor-inline-item\">\n\t\t\t\t\t\t\t\t\t\t\t<span class=\"elementor-icon-list-icon\">\n\t\t\t\t\t\t\t<svg aria-hidden=\"true\" class=\"e-font-icon-svg e-fas-angle-right\" viewBox=\"0 0 256 512\" xmlns=\"http:\/\/www.w3.org\/2000\/svg\"><path d=\"M224.3 273l-136 136c-9.4 9.4-24.6 9.4-33.9 0l-22.6-22.6c-9.4-9.4-9.4-24.6 0-33.9l96.4-96.4-96.4-96.4c-9.4-9.4-9.4-24.6 0-33.9L54.3 103c9.4-9.4 24.6-9.4 33.9 0l136 136c9.5 9.4 9.5 24.6.1 34z\"><\/path><\/svg>\t\t\t\t\t\t<\/span>\n\t\t\t\t\t\t\t\t\t\t<span class=\"elementor-icon-list-text\"><\/span>\n\t\t\t\t\t\t\t\t\t<\/li>\n\t\t\t\t\t\t<\/ul>\n\t\t\t\t\t\t<\/div>\n\t\t\t\t<\/div>\n\t\t\t\t<div class=\"elementor-element elementor-element-06224f6 elementor-widget elementor-widget-heading\" data-id=\"06224f6\" data-element_type=\"widget\" data-e-type=\"widget\" data-widget_type=\"heading.default\">\n\t\t\t\t<div class=\"elementor-widget-container\">\n\t\t\t\t\t<h1 class=\"elementor-heading-title elementor-size-default\">M\u00fc\u015fteri Memnuniyeti Politikam\u0131z<\/h1>\t\t\t\t<\/div>\n\t\t\t\t<\/div>\n\t\t\t\t\t<\/div>\n\t\t<\/div>\n\t\t\t\t\t<\/div>\n\t\t<\/section>\n\t\t<div class=\"elementor-element elementor-element-d8a718f e-flex e-con-boxed e-con e-parent\" data-id=\"d8a718f\" data-element_type=\"container\" data-e-type=\"container\">\n\t\t\t\t\t<div class=\"e-con-inner\">\n\t\t\t\t<div class=\"elementor-element elementor-element-1b3414e elementor-widget elementor-widget-text-editor\" data-id=\"1b3414e\" data-element_type=\"widget\" data-e-type=\"widget\" data-widget_type=\"text-editor.default\">\n\t\t\t\t<div class=\"elementor-widget-container\">\n\t\t\t\t\t\t\t\t\t<p>M\u00fc\u015fteri odakl\u0131 bir yakla\u015f\u0131mla, sundu\u011fumuz hizmetlerde h\u0131z, g\u00fcvenilirlik ve kaliteyi esas al\u0131yoruz.<\/p><p>\u00a0<\/p><p>\u2022 7\/24 m\u00fc\u015fteri destek hizmeti sa\u011flayarak h\u0131zl\u0131 ve etkin \u00e7\u00f6z\u00fcmler sunmak.<br \/>\u2022 M\u00fc\u015fteri geri bildirimlerini analiz ederek hizmet kalitemizi s\u00fcrekli iyile\u015ftirmek.<br \/>\u2022 Sekt\u00f6rel geli\u015fmeleri takip ederek inovatif lojistik \u00e7\u00f6z\u00fcmleri hayata ge\u00e7irmek.<br \/>\u2022 M\u00fc\u015fteri taleplerine uygun esnek ve \u00f6zelle\u015ftirilmi\u015f hizmetler sunmak.<br \/>\u2022 Taahh\u00fctlerimize sad\u0131k kalarak g\u00fcvenilir ve zaman\u0131nda teslimat sa\u011flamak.<br \/>\u2022 ISO 10002 M\u00fc\u015fteri Memnuniyeti ve \u015eik\u00e2yet Y\u00f6netim Sistemi standard\u0131na uygun bir yap\u0131 izleyerek, m\u00fc\u015fterilerimizin memnuniyetini sistematik \u015fekilde \u00f6l\u00e7mek ve \u015fik\u00e2yetlerini etkili bi\u00e7imde y\u00f6netmek.<\/p>\t\t\t\t\t\t\t\t<\/div>\n\t\t\t\t<\/div>\n\t\t\t\t\t<\/div>\n\t\t\t\t<\/div>\n\t\t\t\t<\/div>\n\t\t","protected":false},"excerpt":{"rendered":"<p>Anasayfa M\u00fc\u015fteri Memnuniyeti Politikam\u0131z M\u00fc\u015fteri odakl\u0131 bir yakla\u015f\u0131mla, sundu\u011fumuz hizmetlerde h\u0131z, g\u00fcvenilirlik ve kaliteyi esas al\u0131yoruz. \u00a0 \u2022 7\/24 m\u00fc\u015fteri destek hizmeti sa\u011flayarak h\u0131zl\u0131 ve etkin \u00e7\u00f6z\u00fcmler sunmak.\u2022 M\u00fc\u015fteri geri bildirimlerini analiz ederek hizmet kalitemizi s\u00fcrekli iyile\u015ftirmek.\u2022 Sekt\u00f6rel geli\u015fmeleri takip ederek inovatif lojistik \u00e7\u00f6z\u00fcmleri hayata ge\u00e7irmek.\u2022 M\u00fc\u015fteri taleplerine uygun esnek ve \u00f6zelle\u015ftirilmi\u015f hizmetler sunmak.\u2022 Taahh\u00fctlerimize [&hellip;]<\/p>\n","protected":false},"author":1,"featured_media":0,"parent":0,"menu_order":0,"comment_status":"closed","ping_status":"closed","template":"elementor_header_footer","meta":{"footnotes":""},"class_list":["post-423","page","type-page","status-publish","hentry"],"_links":{"self":[{"href":"https:\/\/bumeranglojistik.com\/index.php?rest_route=\/wp\/v2\/pages\/423","targetHints":{"allow":["GET"]}}],"collection":[{"href":"https:\/\/bumeranglojistik.com\/index.php?rest_route=\/wp\/v2\/pages"}],"about":[{"href":"https:\/\/bumeranglojistik.com\/index.php?rest_route=\/wp\/v2\/types\/page"}],"author":[{"embeddable":true,"href":"https:\/\/bumeranglojistik.com\/index.php?rest_route=\/wp\/v2\/users\/1"}],"replies":[{"embeddable":true,"href":"https:\/\/bumeranglojistik.com\/index.php?rest_route=%2Fwp%2Fv2%2Fcomments&post=423"}],"version-history":[{"count":10,"href":"https:\/\/bumeranglojistik.com\/index.php?rest_route=\/wp\/v2\/pages\/423\/revisions"}],"predecessor-version":[{"id":677,"href":"https:\/\/bumeranglojistik.com\/index.php?rest_route=\/wp\/v2\/pages\/423\/revisions\/677"}],"wp:attachment":[{"href":"https:\/\/bumeranglojistik.com\/index.php?rest_route=%2Fwp%2Fv2%2Fmedia&parent=423"}],"curies":[{"name":"wp","href":"https:\/\/api.w.org\/{rel}","templated":true}]}}