{"id":428,"date":"2025-06-11T14:15:36","date_gmt":"2025-06-11T11:15:36","guid":{"rendered":"https:\/\/gifajans.info\/bumerang\/?page_id=428"},"modified":"2025-10-08T13:16:25","modified_gmt":"2025-10-08T10:16:25","slug":"tedarikci-ve-is-ortagi-politikamiz","status":"publish","type":"page","link":"https:\/\/bumeranglojistik.com\/?page_id=428","title":{"rendered":"Tedarik\u00e7i ve \u0130\u015f Orta\u011f\u0131 Politikam\u0131z"},"content":{"rendered":"\t\t<div data-elementor-type=\"wp-page\" data-elementor-id=\"428\" class=\"elementor elementor-428\" data-elementor-post-type=\"page\">\n\t\t\t\t\t\t<section class=\"elementor-section elementor-top-section elementor-element elementor-element-8de2348 elementor-section-boxed elementor-section-height-default elementor-section-height-default\" data-id=\"8de2348\" data-element_type=\"section\" data-e-type=\"section\" data-settings=\"{&quot;background_background&quot;:&quot;classic&quot;,&quot;background_motion_fx_motion_fx_scrolling&quot;:&quot;yes&quot;,&quot;background_motion_fx_devices&quot;:[&quot;desktop&quot;,&quot;tablet&quot;,&quot;mobile&quot;]}\">\n\t\t\t\t\t\t\t<div class=\"elementor-background-overlay\"><\/div>\n\t\t\t\t\t\t\t<div class=\"elementor-container elementor-column-gap-no\">\n\t\t\t\t\t<div class=\"elementor-column elementor-col-100 elementor-top-column elementor-element elementor-element-d51fc4e\" data-id=\"d51fc4e\" data-element_type=\"column\" data-e-type=\"column\">\n\t\t\t<div class=\"elementor-widget-wrap elementor-element-populated\">\n\t\t\t\t\t\t<div class=\"elementor-element elementor-element-61ac927 elementor-icon-list--layout-inline elementor-align-center elementor-list-item-link-full_width elementor-widget elementor-widget-icon-list\" data-id=\"61ac927\" data-element_type=\"widget\" data-e-type=\"widget\" data-widget_type=\"icon-list.default\">\n\t\t\t\t<div class=\"elementor-widget-container\">\n\t\t\t\t\t\t\t<ul class=\"elementor-icon-list-items elementor-inline-items\">\n\t\t\t\t\t\t\t<li class=\"elementor-icon-list-item elementor-inline-item\">\n\t\t\t\t\t\t\t\t\t\t\t<a href=\"https:\/\/bumeranglojistik.com\">\n\n\t\t\t\t\t\t\t\t\t\t\t<span class=\"elementor-icon-list-text\">Anasayfa<\/span>\n\t\t\t\t\t\t\t\t\t\t\t<\/a>\n\t\t\t\t\t\t\t\t\t<\/li>\n\t\t\t\t\t\t\t\t<li class=\"elementor-icon-list-item elementor-inline-item\">\n\t\t\t\t\t\t\t\t\t\t\t<span class=\"elementor-icon-list-icon\">\n\t\t\t\t\t\t\t<svg aria-hidden=\"true\" class=\"e-font-icon-svg e-fas-angle-right\" viewBox=\"0 0 256 512\" xmlns=\"http:\/\/www.w3.org\/2000\/svg\"><path d=\"M224.3 273l-136 136c-9.4 9.4-24.6 9.4-33.9 0l-22.6-22.6c-9.4-9.4-9.4-24.6 0-33.9l96.4-96.4-96.4-96.4c-9.4-9.4-9.4-24.6 0-33.9L54.3 103c9.4-9.4 24.6-9.4 33.9 0l136 136c9.5 9.4 9.5 24.6.1 34z\"><\/path><\/svg>\t\t\t\t\t\t<\/span>\n\t\t\t\t\t\t\t\t\t\t<span class=\"elementor-icon-list-text\"><\/span>\n\t\t\t\t\t\t\t\t\t<\/li>\n\t\t\t\t\t\t<\/ul>\n\t\t\t\t\t\t<\/div>\n\t\t\t\t<\/div>\n\t\t\t\t<div class=\"elementor-element elementor-element-06224f6 elementor-widget elementor-widget-heading\" data-id=\"06224f6\" data-element_type=\"widget\" data-e-type=\"widget\" data-widget_type=\"heading.default\">\n\t\t\t\t<div class=\"elementor-widget-container\">\n\t\t\t\t\t<h1 class=\"elementor-heading-title elementor-size-default\">Tedarik\u00e7i ve \u0130\u015f Orta\u011f\u0131 Politikam\u0131z<\/h1>\t\t\t\t<\/div>\n\t\t\t\t<\/div>\n\t\t\t\t\t<\/div>\n\t\t<\/div>\n\t\t\t\t\t<\/div>\n\t\t<\/section>\n\t\t<div class=\"elementor-element elementor-element-d8a718f e-flex e-con-boxed e-con e-parent\" data-id=\"d8a718f\" data-element_type=\"container\" data-e-type=\"container\">\n\t\t\t\t\t<div class=\"e-con-inner\">\n\t\t\t\t<div class=\"elementor-element elementor-element-1b3414e elementor-widget elementor-widget-text-editor\" data-id=\"1b3414e\" data-element_type=\"widget\" data-e-type=\"widget\" data-widget_type=\"text-editor.default\">\n\t\t\t\t<div class=\"elementor-widget-container\">\n\t\t\t\t\t\t\t\t\t<p>Bumerang Lojistik olarak, sadece kendi operasyonlar\u0131m\u0131z\u0131 de\u011fil, tedarik zincirimizin t\u00fcm halkalar\u0131n\u0131 s\u00fcrd\u00fcr\u00fclebilirlik ve kalite ilkeleri \u00e7er\u00e7evesinde y\u00f6netiyoruz.<\/p><p>\u00a0<\/p><p>\u2022 Tedarik\u00e7ilerimizi se\u00e7erken etik, kalite ve \u00e7evresel uyumlulu\u011fa \u00f6ncelik vermek.<br \/>\u2022 \u0130\u015f ortaklar\u0131m\u0131zla uzun vadeli ve s\u00fcrd\u00fcr\u00fclebilir i\u015f birlikleri kurmak.<br \/>\u2022 Tedarik\u00e7i denetimleri yaparak kalite ve uyumluluk s\u00fcre\u00e7lerini d\u00fczenli olarak g\u00f6zden ge\u00e7irmek.<br \/>\u2022 Ortaklar\u0131m\u0131z\u0131n etik kurallar\u0131m\u0131za ve politikalar\u0131m\u0131za uyum sa\u011flamas\u0131n\u0131 beklemek.<\/p>\t\t\t\t\t\t\t\t<\/div>\n\t\t\t\t<\/div>\n\t\t\t\t\t<\/div>\n\t\t\t\t<\/div>\n\t\t\t\t<\/div>\n\t\t","protected":false},"excerpt":{"rendered":"<p>Anasayfa Tedarik\u00e7i ve \u0130\u015f Orta\u011f\u0131 Politikam\u0131z Bumerang Lojistik olarak, sadece kendi operasyonlar\u0131m\u0131z\u0131 de\u011fil, tedarik zincirimizin t\u00fcm halkalar\u0131n\u0131 s\u00fcrd\u00fcr\u00fclebilirlik ve kalite ilkeleri \u00e7er\u00e7evesinde y\u00f6netiyoruz. \u00a0 \u2022 Tedarik\u00e7ilerimizi se\u00e7erken etik, kalite ve \u00e7evresel uyumlulu\u011fa \u00f6ncelik vermek.\u2022 \u0130\u015f ortaklar\u0131m\u0131zla uzun vadeli ve s\u00fcrd\u00fcr\u00fclebilir i\u015f birlikleri kurmak.\u2022 Tedarik\u00e7i denetimleri yaparak kalite ve uyumluluk s\u00fcre\u00e7lerini d\u00fczenli olarak g\u00f6zden ge\u00e7irmek.\u2022 Ortaklar\u0131m\u0131z\u0131n [&hellip;]<\/p>\n","protected":false},"author":1,"featured_media":0,"parent":0,"menu_order":0,"comment_status":"closed","ping_status":"closed","template":"elementor_header_footer","meta":{"footnotes":""},"class_list":["post-428","page","type-page","status-publish","hentry"],"_links":{"self":[{"href":"https:\/\/bumeranglojistik.com\/index.php?rest_route=\/wp\/v2\/pages\/428","targetHints":{"allow":["GET"]}}],"collection":[{"href":"https:\/\/bumeranglojistik.com\/index.php?rest_route=\/wp\/v2\/pages"}],"about":[{"href":"https:\/\/bumeranglojistik.com\/index.php?rest_route=\/wp\/v2\/types\/page"}],"author":[{"embeddable":true,"href":"https:\/\/bumeranglojistik.com\/index.php?rest_route=\/wp\/v2\/users\/1"}],"replies":[{"embeddable":true,"href":"https:\/\/bumeranglojistik.com\/index.php?rest_route=%2Fwp%2Fv2%2Fcomments&post=428"}],"version-history":[{"count":13,"href":"https:\/\/bumeranglojistik.com\/index.php?rest_route=\/wp\/v2\/pages\/428\/revisions"}],"predecessor-version":[{"id":680,"href":"https:\/\/bumeranglojistik.com\/index.php?rest_route=\/wp\/v2\/pages\/428\/revisions\/680"}],"wp:attachment":[{"href":"https:\/\/bumeranglojistik.com\/index.php?rest_route=%2Fwp%2Fv2%2Fmedia&parent=428"}],"curies":[{"name":"wp","href":"https:\/\/api.w.org\/{rel}","templated":true}]}}