{"id":533,"date":"2025-06-25T18:21:09","date_gmt":"2025-06-25T15:21:09","guid":{"rendered":"https:\/\/gifajans.info\/bumerang\/?page_id=533"},"modified":"2025-06-30T10:31:44","modified_gmt":"2025-06-30T07:31:44","slug":"kvkk","status":"publish","type":"page","link":"https:\/\/bumeranglojistik.com\/?page_id=533","title":{"rendered":"KVKK"},"content":{"rendered":"\t\t<div data-elementor-type=\"wp-page\" data-elementor-id=\"533\" class=\"elementor elementor-533\" data-elementor-post-type=\"page\">\n\t\t\t\t\t\t<section class=\"elementor-section elementor-top-section elementor-element elementor-element-beb5aaf elementor-section-boxed elementor-section-height-default elementor-section-height-default\" data-id=\"beb5aaf\" data-element_type=\"section\" data-e-type=\"section\" data-settings=\"{&quot;background_background&quot;:&quot;classic&quot;,&quot;background_motion_fx_motion_fx_scrolling&quot;:&quot;yes&quot;,&quot;background_motion_fx_devices&quot;:[&quot;desktop&quot;,&quot;tablet&quot;,&quot;mobile&quot;]}\">\n\t\t\t\t\t\t\t<div class=\"elementor-background-overlay\"><\/div>\n\t\t\t\t\t\t\t<div class=\"elementor-container elementor-column-gap-no\">\n\t\t\t\t\t<div class=\"elementor-column elementor-col-100 elementor-top-column elementor-element elementor-element-b8be4cb\" data-id=\"b8be4cb\" data-element_type=\"column\" data-e-type=\"column\">\n\t\t\t<div class=\"elementor-widget-wrap elementor-element-populated\">\n\t\t\t\t\t\t<div class=\"elementor-element elementor-element-19f02a3 elementor-icon-list--layout-inline elementor-align-center elementor-list-item-link-full_width elementor-widget elementor-widget-icon-list\" data-id=\"19f02a3\" data-element_type=\"widget\" data-e-type=\"widget\" data-widget_type=\"icon-list.default\">\n\t\t\t\t<div class=\"elementor-widget-container\">\n\t\t\t\t\t\t\t<ul class=\"elementor-icon-list-items elementor-inline-items\">\n\t\t\t\t\t\t\t<li class=\"elementor-icon-list-item elementor-inline-item\">\n\t\t\t\t\t\t\t\t\t\t\t<a href=\"https:\/\/bumeranglojistik.com\">\n\n\t\t\t\t\t\t\t\t\t\t\t<span class=\"elementor-icon-list-text\">Anasayfa<\/span>\n\t\t\t\t\t\t\t\t\t\t\t<\/a>\n\t\t\t\t\t\t\t\t\t<\/li>\n\t\t\t\t\t\t\t\t<li class=\"elementor-icon-list-item elementor-inline-item\">\n\t\t\t\t\t\t\t\t\t\t\t<span class=\"elementor-icon-list-icon\">\n\t\t\t\t\t\t\t<svg aria-hidden=\"true\" class=\"e-font-icon-svg e-fas-angle-right\" viewBox=\"0 0 256 512\" xmlns=\"http:\/\/www.w3.org\/2000\/svg\"><path d=\"M224.3 273l-136 136c-9.4 9.4-24.6 9.4-33.9 0l-22.6-22.6c-9.4-9.4-9.4-24.6 0-33.9l96.4-96.4-96.4-96.4c-9.4-9.4-9.4-24.6 0-33.9L54.3 103c9.4-9.4 24.6-9.4 33.9 0l136 136c9.5 9.4 9.5 24.6.1 34z\"><\/path><\/svg>\t\t\t\t\t\t<\/span>\n\t\t\t\t\t\t\t\t\t\t<span class=\"elementor-icon-list-text\"><\/span>\n\t\t\t\t\t\t\t\t\t<\/li>\n\t\t\t\t\t\t<\/ul>\n\t\t\t\t\t\t<\/div>\n\t\t\t\t<\/div>\n\t\t\t\t<div class=\"elementor-element elementor-element-5ea8a3f elementor-widget elementor-widget-heading\" data-id=\"5ea8a3f\" data-element_type=\"widget\" data-e-type=\"widget\" data-widget_type=\"heading.default\">\n\t\t\t\t<div class=\"elementor-widget-container\">\n\t\t\t\t\t<h1 class=\"elementor-heading-title elementor-size-default\">KVKK Politikam\u0131z<\/h1>\t\t\t\t<\/div>\n\t\t\t\t<\/div>\n\t\t\t\t\t<\/div>\n\t\t<\/div>\n\t\t\t\t\t<\/div>\n\t\t<\/section>\n\t\t<div class=\"elementor-element elementor-element-3f6aee7 e-flex e-con-boxed e-con e-parent\" data-id=\"3f6aee7\" data-element_type=\"container\" data-e-type=\"container\">\n\t\t\t\t\t<div class=\"e-con-inner\">\n\t\t\t\t<div class=\"elementor-element elementor-element-62ec4a2 elementor-widget elementor-widget-heading\" data-id=\"62ec4a2\" data-element_type=\"widget\" data-e-type=\"widget\" data-widget_type=\"heading.default\">\n\t\t\t\t<div class=\"elementor-widget-container\">\n\t\t\t\t\t<h4 class=\"elementor-heading-title elementor-size-default\">Ki\u015fisel Verilerin \u0130\u015flenmesine \u0130li\u015fkin Ayd\u0131nlatma Metni<\/h4>\t\t\t\t<\/div>\n\t\t\t\t<\/div>\n\t\t\t\t<div class=\"elementor-element elementor-element-d33ac15 elementor-widget elementor-widget-heading\" data-id=\"d33ac15\" data-element_type=\"widget\" data-e-type=\"widget\" data-widget_type=\"heading.default\">\n\t\t\t\t<div class=\"elementor-widget-container\">\n\t\t\t\t\t<h5 class=\"elementor-heading-title elementor-size-default\">Veri Sorumlusu <br>\nBumerang Lojistik<\/h5>\t\t\t\t<\/div>\n\t\t\t\t<\/div>\n\t\t\t\t<div class=\"elementor-element elementor-element-4d69dab elementor-widget elementor-widget-heading\" data-id=\"4d69dab\" data-element_type=\"widget\" data-e-type=\"widget\" data-widget_type=\"heading.default\">\n\t\t\t\t<div class=\"elementor-widget-container\">\n\t\t\t\t\t<h5 class=\"elementor-heading-title elementor-size-default\">\u0130\u015ftirak <\/h5>\t\t\t\t<\/div>\n\t\t\t\t<\/div>\n\t\t\t\t<div class=\"elementor-element elementor-element-4f7bb09 elementor-widget elementor-widget-text-editor\" data-id=\"4f7bb09\" data-element_type=\"widget\" data-e-type=\"widget\" data-widget_type=\"text-editor.default\">\n\t\t\t\t<div class=\"elementor-widget-container\">\n\t\t\t\t\t\t\t\t\t<p>Bumerang Lojistik Markas\u0131 ad\u0131 alt\u0131nda sat\u0131lan \u00fcr\u00fcnler ve <a href=\"https:\/\/www.bumeranglojistik.com\/\">https:\/\/www.bumeranglojistik.com\/\u00a0<\/a>alan adlar\u0131n\u0131 kapsamaktad\u0131r.<\/p><p>Bunlara ek olarak internet sitemizi, mobil sitemizi ve\/veya mobil uygulamam\u0131z\u0131 ziyaret etmeniz durumunda kullan\u0131lan \u00e7erez ve SDK\u2019lar hakk\u0131nda ayr\u0131nt\u0131l\u0131 bilgiler \u00c7erez Politikas\u0131\u2019nda yer almaktad\u0131r. Bunlar arac\u0131l\u0131\u011f\u0131yla i\u015flenen ki\u015fisel veriler ise bu Ayd\u0131nlatma Metni\u2019nde a\u00e7\u0131klanmaktad\u0131r.<\/p><p>Ayd\u0131nlatma Metni, Bumerang Lojistik taraf\u0131ndan yay\u0131mland\u0131\u011f\u0131 tarih itibariyle ge\u00e7erli olacakt\u0131r. Bumerang Lojistik , Ayd\u0131nlatma Metni\u2019nde gerekli oldu\u011fu takdirde her zaman de\u011fi\u015fiklik yapabilir. Yap\u0131lacak de\u011fi\u015fiklikler, Ayd\u0131nlatma Metni\u2019nin <a href=\"https:\/\/www.bumeranglojistik.com\/\">https:\/\/www.bumeranglojistik.com\/\u00a0<\/a>adresinde yay\u0131mlanmas\u0131yla birlikte derhal ge\u00e7erlilik kazan\u0131r.<\/p><p>\u00dcyelik S\u00fcre\u00e7lerini y\u00fcr\u00fct\u00fclmesi s\u0131ras\u0131nda<\/p><p>Kimlik (ad, soyad, do\u011fum tarihi, T.C. kimlik numaras\u0131, cinsiyet), ileti\u015fim (cep telefonu numaras\u0131, fatura ve teslimat adresi, e-posta adresi), finans (\u015fifrelenmi\u015f kredi kart\u0131 bilgileri, banka hesap \/ IBAN numaras\u0131 bilgisi), m\u00fc\u015fteri i\u015flem (\u00fcr\u00fcn yorumlar\u0131, \u00fcyelik tarihi, sipari\u015f bilgileri), i\u015flem g\u00fcvenli\u011fi (IP adresi bilgileri, internet sitesi giri\u015f \u00e7\u0131k\u0131\u015f bilgileri, kullan\u0131c\u0131 ad\u0131 bilgileri, \u015fifre bilgileri, trafik verileri (ba\u011flant\u0131 zaman\u0131 \/ s\u00fcresi vb.)) ve g\u00f6rsel ve i\u015fitsel kay\u0131t (yorumlara eklenen foto\u011fraflar) verileriniz faaliyetlerin mevzuata uygun y\u00fcr\u00fct\u00fclmesi, finans ve muhasebe i\u015flerinin y\u00fcr\u00fct\u00fclmesi, ileti\u015fim faaliyetlerinin y\u00fcr\u00fct\u00fclmesi, i\u015f faaliyetlerinin y\u00fcr\u00fct\u00fclmesi\/denetimi, mal\/hizmet sat\u0131\u015f s\u00fcre\u00e7lerinin y\u00fcr\u00fct\u00fclmesi, m\u00fc\u015fteri ili\u015fkileri y\u00f6netimi s\u00fcre\u00e7lerinin y\u00fcr\u00fct\u00fclmesi, m\u00fc\u015fteri memnuniyetine y\u00f6nelik aktivitelerin y\u00f6netilmesi, pazarlama ve analiz \u00e7al\u0131\u015fmalar\u0131n\u0131n y\u00fcr\u00fct\u00fclmesi, reklam\/kampanya\/promosyon s\u00fcre\u00e7lerinin y\u00fcr\u00fct\u00fclmesi, \u00f6zelle\u015ftirilmi\u015f kullan\u0131c\u0131 memnuniyeti aktivitelerinin planlanmas\u0131 ve icras\u0131, sunulan \u00fcr\u00fcn ve hizmetlerin ilgili ki\u015filerin be\u011feni, kullan\u0131m al\u0131\u015fkanl\u0131klar\u0131 ve ihtiya\u00e7lar\u0131na g\u00f6re \u00f6zelle\u015ftirilerek ilgili ki\u015filere \u00f6nerilmesi, kullan\u0131c\u0131 deneyiminin iyile\u015ftirilmesi, ki\u015fiselle\u015ftirilmi\u015f kullan\u0131c\u0131 deneyimi ve promosyon \u00f6nerilerinin olu\u015fturulmas\u0131, s\u00f6zle\u015fme s\u00fcre\u00e7lerinin y\u00fcr\u00fct\u00fclmesi, stratejik planlama faaliyetlerinin y\u00fcr\u00fct\u00fclmesi, \u00fcr\u00fcn\/hizmetlerin pazarlama s\u00fcre\u00e7lerinin y\u00fcr\u00fct\u00fclmesi ve yetkili ki\u015fi, kurum ve kurulu\u015flara bilgi verilmesi ama\u00e7lar\u0131yla s\u0131n\u0131rl\u0131 olarak Kanun\u2019un 5. maddesinin 2. f\u0131kras\u0131n\u0131n (c) bendi \u201cBir s\u00f6zle\u015fmenin kurulmas\u0131 veya ifas\u0131yla do\u011frudan do\u011fruya ilgili olmas\u0131 kayd\u0131yla, s\u00f6zle\u015fmenin taraflar\u0131na ait ki\u015fisel verilerin i\u015flenmesinin gerekli olmas\u0131\u201d ve (f) bendi \u201c\u0130lgili ki\u015finin temel hak ve \u00f6zg\u00fcrl\u00fcklerine zarar vermemek kayd\u0131yla, veri sorumlusunun me\u015fru menfaatleri i\u00e7in veri i\u015flenmesinin zorunlu olmas\u0131\u201d hukuki sebepleri uyar\u0131nca i\u015flenmektedir.<\/p><p>\u00dcyelere ait ki\u015fisel veriler KVKK\u2019n\u0131n \u201cKi\u015fisel Verilerin Aktar\u0131m\u0131\u201d ba\u015fl\u0131kl\u0131 8. maddesindeki kurallara uyularak ve gerekli teknik ve idari tedbirler al\u0131narak, sadece ilgili amac\u0131n ger\u00e7ekle\u015fmesi i\u00e7in gerekli oldu\u011fu \u00f6l\u00e7\u00fcde KVKK\u2019n\u0131n 5. maddesinin 2. f\u0131kras\u0131n\u0131n (c) bendi \u201cBir s\u00f6zle\u015fmenin kurulmas\u0131 veya ifas\u0131yla do\u011frudan do\u011fruya ilgili olmas\u0131 kayd\u0131yla, s\u00f6zle\u015fmenin taraflar\u0131na ait ki\u015fisel verilerin i\u015flenmesinin gerekli olmas\u0131\u201d, (\u00e7) bendi \u201cVeri sorumlusunun hukuki y\u00fck\u00fcml\u00fcl\u00fc\u011f\u00fcn\u00fc yerine getirmesi i\u00e7in zorunlu olmas\u0131\u201d ve (f) bendi \u201c\u0130lgili ki\u015finin temel hak ve \u00f6zg\u00fcrl\u00fcklerine zarar vermemek kayd\u0131yla, veri sorumlusunun me\u015fru menfaatleri i\u00e7in veri i\u015flenmesinin zorunlu olmas\u0131\u201d hukuki sebeplerine dayan\u0131larak;<\/p><p>Yukar\u0131da say\u0131lan ama\u00e7larla s\u0131n\u0131rl\u0131 olarak i\u015ftiraklerimize,<br \/>Yine yukar\u0131da say\u0131lan ama\u00e7larla aram\u0131zdaki s\u00f6zle\u015fmeler kapsam\u0131nda mevzuata uygun bir \u015fekilde (\u00fcr\u00fcn\u00fcn g\u00f6nderimi i\u00e7in) sat\u0131n al\u0131nan \u00fcr\u00fcn\u00fcn sat\u0131c\u0131s\u0131, (\u00fcr\u00fcn\u00fcn teslimat\u0131 i\u00e7in) kargo \u015firketleri, (\u00fcr\u00fcne ili\u015fkin \u00f6demenin al\u0131nabilmesi i\u00e7in) bankalar ve di\u011fer \u00f6deme kurulu\u015flar\u0131, (teslimat vb. hususlarda bilgi vermek \u00fczere) toplu SMS \/ e-posta g\u00f6nderiminde \u00e7al\u0131\u015f\u0131lan i\u015f ortaklar\u0131m\u0131za ve (gerekti\u011finde sat\u0131\u015f sonras\u0131 hizmetler i\u00e7in) tedarik\u00e7ilerimize ve \u00fcr\u00fcn yetkili servislerine, i\u015fbirli\u011fi i\u00e7erisinde oldu\u011fumuz ve ortak kampanya yap\u0131lan i\u015f ortaklar\u0131na,<br \/>Al\u0131\u015fveri\u015f yapm\u0131\u015f oldu\u011funuz sat\u0131c\u0131n\u0131n tedarik\u00e7i finansman\u0131 sisteminden yararlanmas\u0131 halinde \u00e7\u00f6z\u00fcm ortaklar\u0131m\u0131z arac\u0131l\u0131\u011f\u0131yla kimlik (ad, soyad, T.C. kimlik numaras\u0131, vergi kimlik numaras\u0131) ve m\u00fc\u015fteri i\u015flem (al\u0131\u015fveri\u015f yap\u0131lan sat\u0131c\u0131 bilgileri, fatura numaras\u0131, fatura tarihi, fatura tutar\u0131, fatura tipi, vade tarihi, sat\u0131n al\u0131nan \u00fcr\u00fcn bilgileri) bilgileriniz yetkili finansal kurulu\u015flara,<br \/>Hukuki y\u00fck\u00fcml\u00fcl\u00fc\u011f\u00fcm\u00fcz\u00fc yerine getirebilmek i\u00e7in yasal d\u00fczenlemeler ve mevzuat gere\u011fi yetkili ki\u015fi ve resmi kurumlara aktar\u0131labilmekte ve<br \/>Teknoloji alan\u0131ndaki altyap\u0131 tedarik\u00e7ilerimiz taraf\u0131ndan sa\u011flanan \/ kullan\u0131m\u0131m\u0131za sunulan programlar\u0131m\u0131za ve\/veya sistemlerimize kaydedilebilmektedir.<br \/>Ek olarak, KVKK\u2019n\u0131n \u201cKi\u015fisel Verilerin Yurt D\u0131\u015f\u0131na Aktar\u0131lmas\u0131\u201d ba\u015fl\u0131kl\u0131 9. maddesindeki kurallara uyularak ve gerekli teknik ve idari tedbirler al\u0131narak, sadece ilgili amac\u0131n ger\u00e7ekle\u015fmesi i\u00e7in gerekli oldu\u011fu \u00f6l\u00e7\u00fcde; \u00fcye olman\u0131z s\u0131ras\u0131nda sizden temin edilen onay kapsam\u0131nda \u201ca\u00e7\u0131k r\u0131za\u201d hukuki sebebi uyar\u0131nca teknoloji alan\u0131ndaki yurt d\u0131\u015f\u0131nda yerle\u015fik altyap\u0131 tedarik\u00e7ilerimiz taraf\u0131ndan sa\u011flanan \/ kullan\u0131m\u0131m\u0131za sunulan programlar\u0131m\u0131za ve\/veya sistemlerimize kaydedilerek yurt d\u0131\u015f\u0131na aktar\u0131lmaktad\u0131r.<\/p><p>https:\/\/www.bumeranglojistik.com\/\u00a0\u00fczerinden \u00fcr\u00fcn ve\/veya hizmet sat\u0131n al\u0131nmas\u0131 s\u0131ras\u0131nda<\/p><p>Kimlik (ad, soyad), ileti\u015fim (fatura ve teslimat adresleri, cep telefonu numaras\u0131, e-posta adresi), finans (\u015fifrelenmi\u015f kredi kart\u0131 bilgileri) ve m\u00fc\u015fteri i\u015flem (fatura bilgileri, sipari\u015f bilgileri, \u00fcr\u00fcn bilgileri, kargo bilgileri, yetkili servis bilgileri) verileriniz faaliyetlerin mevzuata uygun y\u00fcr\u00fct\u00fclmesi, finans ve muhasebe i\u015flerinin y\u00fcr\u00fct\u00fclmesi, ileti\u015fim faaliyetlerinin y\u00fcr\u00fct\u00fclmesi, i\u015f faaliyetlerinin y\u00fcr\u00fct\u00fclmesi\/denetimi, lojistik faaliyetlerinin y\u00fcr\u00fct\u00fclmesi, mal\/hizmet sat\u0131\u015f s\u00fcre\u00e7lerinin y\u00fcr\u00fct\u00fclmesi, tedarik zinciri y\u00f6netimi s\u00fcre\u00e7lerinin y\u00fcr\u00fct\u00fclmesi ve yetkili ki\u015fi, kurum ve kurulu\u015flara bilgi verilmesi ama\u00e7lar\u0131yla s\u0131n\u0131rl\u0131 olarak Kanun\u2019un 5. maddesinin 2. f\u0131kras\u0131n\u0131n (a) bendi \u201cKanunlarda a\u00e7\u0131k\u00e7a \u00f6ng\u00f6r\u00fclmesi\u201d, (c) bendi \u201cBir s\u00f6zle\u015fmenin kurulmas\u0131 veya ifas\u0131yla do\u011frudan do\u011fruya ilgili olmas\u0131 kayd\u0131yla, s\u00f6zle\u015fmenin taraflar\u0131na ait ki\u015fisel verilerin i\u015flenmesinin gerekli olmas\u0131\u201d ve (\u00e7) bendi \u201cVeri sorumlusunun hukuki y\u00fck\u00fcml\u00fcl\u00fc\u011f\u00fcn\u00fc yerine getirebilmesi i\u00e7in zorunlu olmas\u0131\u201d hukuki sebepleri uyar\u0131nca i\u015flenmektedir.<\/p><p>Hepsiburada \u00fczerinden \u00fcr\u00fcn ve\/veya hizmet sat\u0131n alman\u0131z halinde i\u015flenen ki\u015fisel verileriniz KVKK\u2019n\u0131n \u201cKi\u015fisel Verilerin Aktar\u0131m\u0131\u201d ba\u015fl\u0131kl\u0131 8. maddesindeki kurallara uyularak ve gerekli teknik ve idari tedbirler al\u0131narak, yukar\u0131da say\u0131lan hukuki sebeplerle<\/p><p>Yukar\u0131da say\u0131lan ama\u00e7larla s\u0131n\u0131rl\u0131 olarak i\u015ftiraklerimize,<br \/>Yine yukar\u0131da say\u0131lan ama\u00e7larla aram\u0131zdaki s\u00f6zle\u015fmeler kapsam\u0131nda mevzuata uygun bir \u015fekilde (\u00fcr\u00fcn\u00fcn g\u00f6nderimi i\u00e7in) sat\u0131n al\u0131nan \u00fcr\u00fcn\u00fcn sat\u0131c\u0131s\u0131, (\u00fcr\u00fcn\u00fcn teslimat\u0131 i\u00e7in) kargo \u015firketleri, (\u00fcr\u00fcne ili\u015fkin \u00f6demenin al\u0131nabilmesi i\u00e7in) bankalar ve di\u011fer \u00f6deme kurulu\u015flar\u0131, (teslimat vb. hususlarda bilgi vermek \u00fczere) toplu SMS \/ e-posta g\u00f6nderiminde \u00e7al\u0131\u015f\u0131lan i\u015f ortaklar\u0131m\u0131za ve (gerekti\u011finde sat\u0131\u015f sonras\u0131 hizmetler i\u00e7in) tedarik\u00e7ilerimize ve \u00fcr\u00fcn yetkili servislerine, i\u015fbirli\u011fi i\u00e7erisinde oldu\u011fumuz ve ortak kampanya yap\u0131lan i\u015f ortaklar\u0131na,<br \/>Al\u0131\u015fveri\u015f yapm\u0131\u015f oldu\u011funuz sat\u0131c\u0131n\u0131n tedarik\u00e7i finansman\u0131 sisteminden yararlanmas\u0131 halinde \u00e7\u00f6z\u00fcm ortaklar\u0131m\u0131z arac\u0131l\u0131\u011f\u0131yla kimlik (ad, soyad, T.C. kimlik numaras\u0131, vergi kimlik numaras\u0131) ve m\u00fc\u015fteri i\u015flem (al\u0131\u015fveri\u015f yap\u0131lan sat\u0131c\u0131 bilgileri, fatura numaras\u0131, fatura tarihi, fatura tutar\u0131, fatura tipi, vade tarihi, sat\u0131n al\u0131nan \u00fcr\u00fcn bilgileri) bilgileriniz yetkili finansal kurulu\u015flara,<br \/>Hukuki y\u00fck\u00fcml\u00fcl\u00fc\u011f\u00fcm\u00fcz\u00fc yerine getirebilmek i\u00e7in yasal d\u00fczenlemeler ve mevzuat gere\u011fi yetkili ki\u015fi ve resmi kurumlara aktar\u0131labilmekte ve<br \/>Teknoloji alan\u0131ndaki altyap\u0131 tedarik\u00e7ilerimiz taraf\u0131ndan sa\u011flanan \/ kullan\u0131m\u0131m\u0131za sunulan programlar\u0131m\u0131za ve\/veya sistemlerimize kaydedilebilmektedir.<br \/>Saklama ve \u0130mha<br \/>\u015eirketimiz ki\u015fisel verileri saklama ve silme i\u015flemleri i\u00e7in bir Saklama ve \u0130mha Politikas\u0131 olu\u015fturmu\u015ftur. Ki\u015fisel verilerinize ili\u015fkin saklama ve imha i\u015flemleri bu politika kapsam\u0131nda ger\u00e7ekle\u015ftirilmektedir. Buna g\u00f6re KVKK\u2019da veya ilgili kanunlar ile sair ilgili mevzuatta verinin saklanmas\u0131 i\u00e7in bir s\u00fcre belirlenmi\u015fse, s\u00f6z konusu veri en az bu s\u00fcre kadar saklanmak zorundad\u0131r.<\/p><p>Olas\u0131 bir mahkeme talebinin veya kanunla yetkili k\u0131l\u0131nm\u0131\u015f bir idari merciinin ilgili veriye ili\u015fkin talebinin taraf\u0131m\u0131za ge\u00e7 ula\u015fmas\u0131 veya taraf\u0131 olabilece\u011fimiz bir ihtilaf\u0131n meydana gelmesi gibi ihtimaller g\u00f6zetilerek, verilerinizin saklanmas\u0131 i\u00e7in mevzuatta \u00f6ng\u00f6r\u00fclen s\u00fcrelere 6 ay ila 1 y\u0131l aras\u0131 bir s\u00fcre eklenerek verilerin saklama s\u00fcresi belirlenmekte ve belirlenen s\u00fcrenin sonunda s\u00f6z konusu veriler silinmekte, yok edilmekte veya anonimle\u015ftirilmektedir.<\/p><p>Mevzuatta i\u015fledi\u011fimiz verinin saklanma s\u00fcresine y\u00f6nelik bir s\u00fcre \u00f6ng\u00f6r\u00fclmemi\u015f ise aram\u0131zdaki ili\u015fkinin gere\u011fi olarak olas\u0131 uyu\u015fmazl\u0131klar da g\u00f6z \u00f6n\u00fcne al\u0131narak hukuki ili\u015fkimizin sona ermesinden itibaren 10 y\u0131ll\u0131k dava zamana\u015f\u0131m\u0131 s\u00fcresinin ge\u00e7mesiyle verileriniz herhangi bir talebinize gerek olmadan silinir, yok edilir veya anonim hale getirilir.<\/p><p>Ki\u015fisel verilerin i\u015fleme \u015fartlar\u0131n\u0131n tamam\u0131 ortadan kalkm\u0131\u015f ya da taraf\u0131m\u0131zca beyan edilen veya mevzuat kapsam\u0131nda belirlenen saklama s\u00fcresi dolmu\u015f ise verileriniz, ilk periyodik imha tarihinde veya en ge\u00e7 6 ay i\u00e7erisinde re\u2019sen silinir, yok edilir veya anonim hale getirilir. Ge\u00e7erli bir sebep ile verilerinizin silinmesine dair talepte bulunman\u0131z halinde ise verileriniz yasal olarak m\u00fcmk\u00fcn oldu\u011fu nispette en ge\u00e7 30 g\u00fcn i\u00e7erisinde silinir. Saklama s\u00fcresi mevzuatta belirlenmi\u015f verilerinizin \u00f6ng\u00f6r\u00fclen s\u00fcrelerden \u00f6nce silinmesini veya imha edilmesini talep etmeniz halinde s\u00f6z konusu talebiniz ger\u00e7ekle\u015ftirilemeyecektir.<\/p><p>Haklar\u0131n\u0131z<\/p><p>KVKK ve ilgili mevzuat kapsam\u0131nda ki\u015fisel verilerinize ili\u015fkin olarak;<\/p><p>Ki\u015fisel verilerinizin i\u015flenip i\u015flenmedi\u011fini \u00f6\u011frenme,<br \/>Ki\u015fisel verileriniz i\u015flenmi\u015fse buna ili\u015fkin bilgi talep etme,<br \/>Ki\u015fisel verilerin i\u015flenme amac\u0131n\u0131 ve bunlar\u0131n amac\u0131na uygun kullan\u0131l\u0131p kullan\u0131lmad\u0131\u011f\u0131n\u0131 \u00f6\u011frenme,<br \/>Yurt i\u00e7inde veya yurt d\u0131\u015f\u0131nda ki\u015fisel verilerinizin aktar\u0131ld\u0131\u011f\u0131 \u00fc\u00e7\u00fcnc\u00fc ki\u015fileri bilme,<br \/>Ki\u015fisel verilerinizin eksik veya yanl\u0131\u015f i\u015flenmi\u015f olmas\u0131 halinde bunlar\u0131n d\u00fczeltilmesini isteme,<br \/>KVKK mevzuat\u0131nda \u00f6ng\u00f6r\u00fclen \u015fartlar \u00e7er\u00e7evesinde ki\u015fisel verilerinizin silinmesini veya yok edilmesini isteme,<br \/>Eksik veya yanl\u0131\u015f verilerin d\u00fczeltilmesi ile ki\u015fisel verilerinizin silinmesi veya yok edilmesini talep etti\u011finizde, bu durumun ki\u015fisel verilerinizi aktard\u0131\u011f\u0131m\u0131z \u00fc\u00e7\u00fcnc\u00fc ki\u015filere bildirilmesini isteme<br \/>\u0130\u015flenen verilerin m\u00fcnhas\u0131ran otomatik sistemler vas\u0131tas\u0131yla analiz edilmesi suretiyle ki\u015finin kendisi aleyhine bir sonucun ortaya \u00e7\u0131kmas\u0131na itiraz etme, ve<br \/>Ki\u015fisel verilerin kanuna ayk\u0131r\u0131 olarak i\u015flenmesi sebebiyle zarara u\u011framan\u0131z halinde bu zarar\u0131n giderilmesini talep etme,<br \/>haklar\u0131na sahipsiniz.<\/p><p>Hukuki s\u00fcre\u00e7lerin y\u00fcr\u00fct\u00fclmesi s\u0131ras\u0131nda<\/p><p>Kimlik (ad, soyad, do\u011fum tarihi, T.C. kimlik numaras\u0131, cinsiyet), ileti\u015fim (cep telefonu numaras\u0131, fatura ve teslimat adresleri, e-posta adresi), finans (\u015fifrelenmi\u015f kredi kart\u0131 bilgileri, banka hesap \/ IBAN numaras\u0131 bilgisi), m\u00fc\u015fteri i\u015flem (fatura bilgileri, sipari\u015f bilgileri, \u00fcr\u00fcn bilgileri, kargo bilgileri, yetkili servis bilgileri), i\u015flem g\u00fcvenli\u011fi (IP adresi bilgileri, internet sitesi giri\u015f \u00e7\u0131k\u0131\u015f bilgileri, kullan\u0131c\u0131 ad\u0131 bilgileri, \u015fifre bilgileri, trafik verileri (ba\u011flant\u0131 zaman\u0131 \/ s\u00fcresi vb.)) ve hukuki i\u015flem (uyu\u015fmazl\u0131k olmas\u0131 halinde dava dosyas\u0131ndaki bilgiler, ihtarnameler, adli ve idari makamlarla yaz\u0131\u015fmalardaki bilgiler) verileriniz faaliyetlerin mevzuata uygun y\u00fcr\u00fct\u00fclmesi, hukuk i\u015flerinin takibi ve y\u00fcr\u00fct\u00fclmesi ve yetkili ki\u015fi, kurum ve kurulu\u015flara bilgi verilmesi ama\u00e7lar\u0131yla s\u0131n\u0131rl\u0131 olarak Kanun\u2019un 5. maddesinin 2. f\u0131kras\u0131n\u0131n (a) bendi \u201cKanunlarda a\u00e7\u0131k\u00e7a \u00f6ng\u00f6r\u00fclmesi\u201d, (\u00e7) bendi \u201cVeri sorumlusunun hukuki y\u00fck\u00fcml\u00fcl\u00fc\u011f\u00fcn\u00fc yerine getirebilmesi i\u00e7in zorunlu olmas\u0131\u201d ve (e) bendi \u201cBir hakk\u0131n tesisi, kullan\u0131lmas\u0131 veya korunmas\u0131 i\u00e7in veri i\u015flemenin zorunlu olmas\u0131\u201d hukuki sebepleri uyar\u0131nca i\u015flenmektedir.<\/p><p>https:\/\/www.bumeranglojistik.com\/\u00fczerinden \u00fcr\u00fcn ve\/veya hizmet sat\u0131n alman\u0131z halinde i\u015flenen ki\u015fisel verileriniz KVKK\u2019n\u0131n \u201cKi\u015fisel Verilerin Aktar\u0131m\u0131\u201d ba\u015fl\u0131kl\u0131 8. maddesindeki kurallara uyularak ve gerekli teknik ve idari tedbirler al\u0131narak, yukar\u0131da say\u0131lan hukuki sebeplerle;<\/p><p>Hukuki y\u00fck\u00fcml\u00fcl\u00fc\u011f\u00fcm\u00fcz\u00fc yerine getirebilmek i\u00e7in yasal d\u00fczenlemeler ve mevzuat gere\u011fi yetkili ki\u015fi ve resmi kurumlara aktar\u0131labilmekte ve<br \/>Teknoloji alan\u0131ndaki altyap\u0131 tedarik\u00e7ilerimiz taraf\u0131ndan sa\u011flanan \/ kullan\u0131m\u0131m\u0131za sunulan programlar\u0131m\u0131za ve\/veya sistemlerimize kaydedilebilmektedir.<\/p>\t\t\t\t\t\t\t\t<\/div>\n\t\t\t\t<\/div>\n\t\t\t\t\t<\/div>\n\t\t\t\t<\/div>\n\t\t\t\t<\/div>\n\t\t","protected":false},"excerpt":{"rendered":"<p>Anasayfa KVKK Politikam\u0131z Ki\u015fisel Verilerin \u0130\u015flenmesine \u0130li\u015fkin Ayd\u0131nlatma Metni Veri Sorumlusu Bumerang Lojistik \u0130\u015ftirak Bumerang Lojistik Markas\u0131 ad\u0131 alt\u0131nda sat\u0131lan \u00fcr\u00fcnler ve https:\/\/www.bumeranglojistik.com\/\u00a0alan adlar\u0131n\u0131 kapsamaktad\u0131r. Bunlara ek olarak internet sitemizi, mobil sitemizi ve\/veya mobil uygulamam\u0131z\u0131 ziyaret etmeniz durumunda kullan\u0131lan \u00e7erez ve SDK\u2019lar hakk\u0131nda ayr\u0131nt\u0131l\u0131 bilgiler \u00c7erez Politikas\u0131\u2019nda yer almaktad\u0131r. Bunlar arac\u0131l\u0131\u011f\u0131yla i\u015flenen ki\u015fisel veriler ise [&hellip;]<\/p>\n","protected":false},"author":1,"featured_media":0,"parent":0,"menu_order":0,"comment_status":"closed","ping_status":"closed","template":"elementor_header_footer","meta":{"footnotes":""},"class_list":["post-533","page","type-page","status-publish","hentry"],"_links":{"self":[{"href":"https:\/\/bumeranglojistik.com\/index.php?rest_route=\/wp\/v2\/pages\/533","targetHints":{"allow":["GET"]}}],"collection":[{"href":"https:\/\/bumeranglojistik.com\/index.php?rest_route=\/wp\/v2\/pages"}],"about":[{"href":"https:\/\/bumeranglojistik.com\/index.php?rest_route=\/wp\/v2\/types\/page"}],"author":[{"embeddable":true,"href":"https:\/\/bumeranglojistik.com\/index.php?rest_route=\/wp\/v2\/users\/1"}],"replies":[{"embeddable":true,"href":"https:\/\/bumeranglojistik.com\/index.php?rest_route=%2Fwp%2Fv2%2Fcomments&post=533"}],"version-history":[{"count":29,"href":"https:\/\/bumeranglojistik.com\/index.php?rest_route=\/wp\/v2\/pages\/533\/revisions"}],"predecessor-version":[{"id":571,"href":"https:\/\/bumeranglojistik.com\/index.php?rest_route=\/wp\/v2\/pages\/533\/revisions\/571"}],"wp:attachment":[{"href":"https:\/\/bumeranglojistik.com\/index.php?rest_route=%2Fwp%2Fv2%2Fmedia&parent=533"}],"curies":[{"name":"wp","href":"https:\/\/api.w.org\/{rel}","templated":true}]}}